{"id":904,"date":"2025-09-24T19:34:14","date_gmt":"2025-09-24T23:34:14","guid":{"rendered":"https:\/\/cimpn-rcpmi.ca\/autres-ressources\/"},"modified":"2025-12-05T09:42:22","modified_gmt":"2025-12-05T14:42:22","slug":"autres-ressources","status":"publish","type":"page","link":"https:\/\/cimpn-rcpmi.ca\/fr\/autres-ressources\/","title":{"rendered":"Autres ressources"},"content":{"rendered":"<p>[et_pb_section fb_built=\u00a0\u00bb1&Prime; admin_label=\u00a0\u00bbHeader\u00a0\u00bb _builder_version=\u00a0\u00bb4.27.4&Prime; _module_preset=\u00a0\u00bb_initial\u00a0\u00bb background_enable_color=\u00a0\u00bboff\u00a0\u00bb use_background_color_gradient=\u00a0\u00bbon\u00a0\u00bb background_color_gradient_stops=\u00a0\u00bbrgba(74,181,22,0.15) 0%|rgba(74,181,22,0.13) 100%\u00a0\u00bb background_color_gradient_overlays_image=\u00a0\u00bbon\u00a0\u00bb background_image=\u00a0\u00bbhttps:\/\/cimpn-rcpmi.ca\/wp-content\/uploads\/2025\/08\/PageTitleBG2.webp\u00a0\u00bb custom_padding=\u00a0\u00bb7vw||7vw||true|false\u00a0\u00bb da_disable_devices=\u00a0\u00bboff|off|off\u00a0\u00bb collapsed=\u00a0\u00bbon\u00a0\u00bb global_colors_info=\u00a0\u00bb{}\u00a0\u00bb da_is_popup=\u00a0\u00bboff\u00a0\u00bb da_exit_intent=\u00a0\u00bboff\u00a0\u00bb da_has_close=\u00a0\u00bbon\u00a0\u00bb da_alt_close=\u00a0\u00bboff\u00a0\u00bb da_dark_close=\u00a0\u00bboff\u00a0\u00bb da_not_modal=\u00a0\u00bbon\u00a0\u00bb da_is_singular=\u00a0\u00bboff\u00a0\u00bb da_with_loader=\u00a0\u00bboff\u00a0\u00bb da_has_shadow=\u00a0\u00bbon\u00a0\u00bb][et_pb_row make_equal=\u00a0\u00bbon\u00a0\u00bb _builder_version=\u00a0\u00bb4.27.4&Prime; _module_preset=\u00a0\u00bbdefault\u00a0\u00bb custom_margin=\u00a0\u00bb|auto|-2px|auto||\u00a0\u00bb custom_padding=\u00a0\u00bb17px||5px|||\u00a0\u00bb global_colors_info=\u00a0\u00bb{}\u00a0\u00bb][et_pb_column type=\u00a0\u00bb4_4&Prime; _builder_version=\u00a0\u00bb4.27.4&Prime; _module_preset=\u00a0\u00bb_initial\u00a0\u00bb background_color=\u00a0\u00bbRGBA(255,255,255,0)\u00a0\u00bb custom_padding=\u00a0\u00bb40px|40px|0px|40px|false|true\u00a0\u00bb custom_padding_tablet=\u00a0\u00bb30px|30px|30px|30px|true|true\u00a0\u00bb custom_padding_phone=\u00a0\u00bb20px|20px|20px|20px|true|true\u00a0\u00bb custom_padding_last_edited=\u00a0\u00bbon|tablet\u00a0\u00bb border_radii=\u00a0\u00bbon|30px|30px|30px|30px\u00a0\u00bb global_colors_info=\u00a0\u00bb{}\u00a0\u00bb][et_pb_heading title=\u00a0\u00bbAutres ressources\u00a0\u00bb _builder_version=\u00a0\u00bb4.27.4&Prime; _module_preset=\u00a0\u00bb_initial\u00a0\u00bb title_font=\u00a0\u00bbUrbanist||||||||\u00a0\u00bb title_text_align=\u00a0\u00bbcenter\u00a0\u00bb title_text_color=\u00a0\u00bb#F6EDD9&Prime; title_font_size=\u00a0\u00bb83px\u00a0\u00bb title_line_height=\u00a0\u00bb1.1em\u00a0\u00bb custom_margin=\u00a0\u00bb||11px||false|false\u00a0\u00bb title_font_size_tablet=\u00a0\u00bb40px\u00a0\u00bb title_font_size_phone=\u00a0\u00bb24px\u00a0\u00bb title_font_size_last_edited=\u00a0\u00bbon|desktop\u00a0\u00bb title_text_shadow_style=\u00a0\u00bbpreset3&Prime; title_text_shadow_blur_strength=\u00a0\u00bb0.13em\u00a0\u00bb title_text_shadow_color=\u00a0\u00bb#FFFFFF\u00a0\u00bb global_colors_info=\u00a0\u00bb{}\u00a0\u00bb][\/et_pb_heading][\/et_pb_column][\/et_pb_row][\/et_pb_section][et_pb_section fb_built=\u00a0\u00bb1&Prime; admin_label=\u00a0\u00bbOur Mission\u00a0\u00bb _builder_version=\u00a0\u00bb4.27.4&Prime; _module_preset=\u00a0\u00bb_initial\u00a0\u00bb background_color=\u00a0\u00bb#FFFFFF\u00a0\u00bb custom_margin=\u00a0\u00bb||||false\u00a0\u00bb custom_padding=\u00a0\u00bb3vw||3vw||true|false\u00a0\u00bb da_disable_devices=\u00a0\u00bboff|off|off\u00a0\u00bb collapsed=\u00a0\u00bbon\u00a0\u00bb global_colors_info=\u00a0\u00bb{}\u00a0\u00bb da_is_popup=\u00a0\u00bboff\u00a0\u00bb da_exit_intent=\u00a0\u00bboff\u00a0\u00bb da_has_close=\u00a0\u00bbon\u00a0\u00bb da_alt_close=\u00a0\u00bboff\u00a0\u00bb da_dark_close=\u00a0\u00bboff\u00a0\u00bb da_not_modal=\u00a0\u00bbon\u00a0\u00bb da_is_singular=\u00a0\u00bboff\u00a0\u00bb da_with_loader=\u00a0\u00bboff\u00a0\u00bb da_has_shadow=\u00a0\u00bbon\u00a0\u00bb][et_pb_row _builder_version=\u00a0\u00bb4.27.4&Prime; _module_preset=\u00a0\u00bbdefault\u00a0\u00bb global_colors_info=\u00a0\u00bb{}\u00a0\u00bb][et_pb_column type=\u00a0\u00bb4_4&Prime; _builder_version=\u00a0\u00bb4.27.4&Prime; _module_preset=\u00a0\u00bbdefault\u00a0\u00bb global_colors_info=\u00a0\u00bb{}\u00a0\u00bb][et_pb_heading title=\u00a0\u00bbOrganismes irlandais &#8211; Canada\u00a0\u00bb _builder_version=\u00a0\u00bb4.27.4&Prime; _module_preset=\u00a0\u00bb_initial\u00a0\u00bb title_level=\u00a0\u00bbh2&Prime; title_font=\u00a0\u00bbUrbanist|800|||||||\u00a0\u00bb title_text_align=\u00a0\u00bbleft\u00a0\u00bb title_text_color=\u00a0\u00bb#004907&Prime; title_font_size=\u00a0\u00bb29px\u00a0\u00bb title_letter_spacing=\u00a0\u00bb0em\u00a0\u00bb title_line_height=\u00a0\u00bb1.6em\u00a0\u00bb custom_margin=\u00a0\u00bb||10px||false|false\u00a0\u00bb title_font_size_tablet=\u00a0\u00bb14px\u00a0\u00bb title_font_size_phone=\u00a0\u00bb13px\u00a0\u00bb title_font_size_last_edited=\u00a0\u00bbon|desktop\u00a0\u00bb global_colors_info=\u00a0\u00bb{}\u00a0\u00bb][\/et_pb_heading][\/et_pb_column][\/et_pb_row][et_pb_row _builder_version=\u00a0\u00bb4.27.4&Prime; _module_preset=\u00a0\u00bbdefault\u00a0\u00bb global_colors_info=\u00a0\u00bb{}\u00a0\u00bb][et_pb_column type=\u00a0\u00bb4_4&Prime; _builder_version=\u00a0\u00bb4.27.4&Prime; _module_preset=\u00a0\u00bbdefault\u00a0\u00bb global_colors_info=\u00a0\u00bb{}\u00a0\u00bb][et_pb_text _builder_version=\u00a0\u00bb4.27.4&Prime; _module_preset=\u00a0\u00bbdefault\u00a0\u00bb hover_enabled=\u00a0\u00bb0&Prime; global_colors_info=\u00a0\u00bb{}\u00a0\u00bb sticky_enabled=\u00a0\u00bb0&Prime;]<\/p>\n<h3><strong><em>Newfoundland et Labrador<\/em><\/strong><\/h3>\n<p>Newfoundland and Labrador Irish Connection<\/p>\n<p><span><a href=\"https:\/\/nlirishconnections.org\">https:\/\/nlirishconnections.org<\/a><\/span><\/p>\n<p>Heritage NL<\/p>\n<p><span><a href=\"https:\/\/heritagenl.ca\/about\/contact-us\/\">https:\/\/heritagenl.ca\/about\/contact-us\/<\/a><\/span><\/p>\n<p>&nbsp;<\/p>\n<h3><strong><em>Prince Edward Island<\/em><\/strong><\/h3>\n<p>Benevolent Irish Society of PEI<\/p>\n<p><span><a href=\"mailto:me_callaghan@bellaliant.net\">me_callaghan@bellaliant.net<\/a><\/span><\/p>\n<p>&nbsp;<\/p>\n<h3><strong><em>Nouvelle \u00c9cosse<\/em><\/strong><\/h3>\n<p>Irish Association of Nova Scotia<\/p>\n<p><span><a href=\"mailto:info@ancumann.org\">info@ancumann.org<\/a><\/span><\/p>\n<p>Canadian Museum of Immigration Pier 21<\/p>\n<p><span><a href=\"https:\/\/pier21.ca\">https:\/\/pier21.ca<\/a><\/span><\/p>\n<p>&nbsp;<\/p>\n<h3><strong><em>New Brunswick<\/em><\/strong><\/h3>\n<p>The Irish Canadian Cultural Association of NB<\/p>\n<p><span><a href=\"mailto:info@iccanb.ca\">info@iccanb.ca<\/a><\/span><\/p>\n<p>&nbsp;<\/p>\n<h3><strong><em>Qu\u00e9bec<\/em><\/strong><\/h3>\n<p>Fondation du Monument irlandais de Montr\u00e9al<\/p>\n<p><a href=\"https:\/\/montrealirishmonument.com\/\">https:\/\/montrealirishmonument.com\/<\/a><\/p>\n<p>Soci\u00e9t\u00e9 St. Patrick de Montr\u00e9al<\/p>\n<p><a href=\"https:\/\/spsmtl.com\">https:\/\/spsmtl.com<\/a><\/p>\n<p>United Irish Societies of Montreal<\/p>\n<p><span><a href=\"https:\/\/unitedirishsocieties.ca\">https:\/\/unitedirishsocieties.ca<\/a><\/span><\/p>\n<p>Erin Sport<\/p>\n<p><span><a href=\"https:\/\/www.facebook.com\/pages\/Erin%20Sports%20Club\/196982330644504\">https:\/\/www.facebook.com\/pages\/Erin%20Sports%20Club\/196982330644504<\/a><\/span><\/p>\n<p>Chateauguay &amp; Valley Irish Heritage Association<\/p>\n<p><span><a href=\"https:\/\/www.facebook.com\/chateauguayirish\/\">https:\/\/www.facebook.com\/chateauguayirish\/<\/a><\/span><\/p>\n<p>Irish Heritage Quebec<\/p>\n<p><a href=\"https:\/\/www.irishheritagequebec.net\">https:\/\/www.irishheritagequebec.net<\/a><\/p>\n<p>Quebec Anglophone Heritage Network<\/p>\n<p><a href=\"https:\/\/qahn.org\">https:\/\/qahn.org<\/a><\/p>\n<p>St. Colomban Irish Descendants<\/p>\n<p><span><a href=\"https:\/\/www.stcolumban-irish.com\">https:\/\/www.stcolumban-irish.com<\/a><\/span><\/p>\n<p><a href=\"https:\/\/www.facebook.com\/groups\/2422702736\">https:\/\/www.facebook.com\/groups\/2422702736<\/a><\/p>\n<p>Soulanges Irish Society<\/p>\n<p><a href=\"https:\/\/soulangesirishsociety.org\">https:\/\/soulangesirishsociety.org<\/a><\/p>\n<p>Cin\u00e9 Gael Montreal<\/p>\n<p><a href=\"https:\/\/www.cinegaelmontreal.com\">https:\/\/www.cinegaelmontreal.com<\/a><\/p>\n<p>Innisfail Montreal<\/p>\n<p><a href=\"mailto:robin.brodrick@icloud.com\">robin.brodrick@icloud.com<\/a><\/p>\n<p>Coirneal Cealteach<\/p>\n<p><a href=\"https:\/\/www.facebook.com\/p\/Coirneal-Cealteach-100079861119932\/\">https:\/\/www.facebook.com\/p\/Coirneal-Cealteach-100079861119932\/<\/a><\/p>\n<p>The Argenteuil Historical Society<\/p>\n<p><span><a href=\"https:\/\/www.museeargenteuil.ca\">https:\/\/www.museeargenteuil.ca<\/a><\/span> (French only)<\/p>\n<p>Concordia University School of Irish Studies<\/p>\n<p><a href=\"https:\/\/www.concordia.ca\/artsci\/irish-studies.html\">https:\/\/www.concordia.ca\/artsci\/irish-studies.html<\/a><\/p>\n<p>&nbsp;<\/p>\n<h3><strong><em>Ontario<\/em><\/strong><\/h3>\n<p>The Irish Society of the National Capital Region<\/p>\n<p><span><a href=\"https:\/\/www.irishsocietyncr.com\">https:\/\/www.irishsocietyncr.com<\/a><\/span><\/p>\n<p>London Irish Canadian Cultural Society<\/p>\n<p><span><a href=\"https:\/\/www.londonirish.ca\">https:\/\/www.londonirish.ca<\/a><\/span><\/p>\n<p>Irish Benevolent Society<\/p>\n<p><a href=\"https:\/\/www.irishbenevolentsociety.ca\">https:\/\/www.irishbenevolentsociety.ca<\/a><\/p>\n<p>Irish Association of Toronto<\/p>\n<p><a href=\"https:\/\/www.torontoirishassociation.com\/irish_societies_toronto.htm\">https:\/\/www.torontoirishassociation.com\/irish_societies_toronto.htm<\/a><\/p>\n<p>The Durnham Irish Association of Canada<\/p>\n<p><span><a href=\"https:\/\/www.durhamirishassociation.com\/about-us\">https:\/\/www.durhamirishassociation.com\/about-us<\/a><\/span><\/p>\n<p>The Irish Cultural Society of Toronto<\/p>\n<p><span><a href=\"https:\/\/torontoirishculturalsociety.com\">https:\/\/torontoirishculturalsociety.com<\/a><\/span><\/p>\n<p>Kingston Irish Folk Club<\/p>\n<p><span><a href=\"https:\/\/kingstonirish.wordpress.com\">https:\/\/kingstonirish.wordpress.com<\/a><\/span><\/p>\n<p>Irish Communities of Ottawa<\/p>\n<p><span><a href=\"https:\/\/irishottawa.ca\/index.html\">https:\/\/irishottawa.ca\/index.html<\/a><\/span><\/p>\n<p>The Peterborough Canadian Irish<\/p>\n<p><span><a href=\"https:\/\/nineships1825.com\/peterborough-canadian-irish-club-pcic\/\">https:\/\/nineships1825.com\/peterborough-canadian-irish-club-pcic\/<\/a><\/span><\/p>\n<p>St. Patrick\u2019s Society of Toronto<\/p>\n<p><span><a href=\"https:\/\/www.stpatrickstoronto.com\">https:\/\/www.stpatrickstoronto.com<\/a><\/span><\/p>\n<p>Harp of Tara<\/p>\n<p><span><a href=\"https:\/\/www.harpoftara.com\">https:\/\/www.harpoftara.com<\/a><\/span><\/p>\n<p>Irish Club of Mississauga<\/p>\n<p><span><a href=\"https:\/\/www.irishclubmississauga.ca\">https:\/\/www.irishclubmississauga.ca<\/a><\/span><\/p>\n<p>Saint Brigid Centre for the Arts<\/p>\n<p><span><a href=\"https:\/\/saintbrigidscentre.com\">https:\/\/saintbrigidscentre.com<\/a><\/span><\/p>\n<p><span><\/span><\/p>\n<h3><strong><em>Alberta<\/em><\/strong><\/h3>\n<p>Irish Cultural Society of Calgary<\/p>\n<p><span><a href=\"https:\/\/www.calgaryics.org\">https:\/\/www.calgaryics.org<\/a><\/span><\/p>\n<p>&nbsp;<\/p>\n<h3><strong><em>Colombie-Britannique<\/em><\/strong><\/h3>\n<p>Irish Canada Place<\/p>\n<p><span><a href=\"https:\/\/www.irelandcanadaplace.com\">https:\/\/www.irelandcanadaplace.com<\/a><\/span><\/p>\n<p>Irish in B.B.<\/p>\n<p><span><a href=\"https:\/\/irishinbc.ca\">https:\/\/irishinbc.ca<\/a><\/span><\/p>\n<p>Irish Benevolent Society B.C.<\/p>\n<p><span><a href=\"https:\/\/www.irishbenevolentsocietybc.com\">https:\/\/www.irishbenevolentsocietybc.com<\/a><\/span><\/p>\n<p>The Okanagan Irish Society<\/p>\n<p><span><a href=\"https:\/\/kelvernceltic.ca\/okanagan-irish\/\">https:\/\/kelvernceltic.ca\/okanagan-irish\/<\/a><\/span><\/p>\n<p><strong><em> <\/em><\/strong><\/p>\n<h3><strong><em>Canada <\/em><\/strong><\/h3>\n<p>Ireland Canada Business Council<\/p>\n<p><span><a href=\"https:\/\/irelandcanada.ca\">https:\/\/irelandcanada.ca<\/a><\/span><\/p>\n<p>Embassy of Ireland Canada<\/p>\n<p><span><a href=\"https:\/\/www.ireland.ie\/en\/canada\/ottawa\/\">https:\/\/www.ireland.ie\/en\/canada\/ottawa\/<\/a><\/span><\/p>\n<p>Irish Canadian Society<\/p>\n<p><span><a href=\"https:\/\/www.irishcanadiansociety.com\">https:\/\/www.irishcanadiansociety.com<\/a><\/span><\/p>\n<p>Irish Radio Canada<\/p>\n<p><span><a href=\"https:\/\/irishradio.ca\">https:\/\/irishradio.ca<\/a><\/span><\/p>\n<p>[\/et_pb_text][\/et_pb_column][\/et_pb_row][\/et_pb_section][et_pb_section fb_built=\u00a0\u00bb1&Prime; admin_label=\u00a0\u00bbFooter\u00a0\u00bb _builder_version=\u00a0\u00bb4.27.4&Prime; _module_preset=\u00a0\u00bb_initial\u00a0\u00bb background_color=\u00a0\u00bb#4d4d4d\u00a0\u00bb custom_padding=\u00a0\u00bb0px||0px||true|false\u00a0\u00bb da_disable_devices=\u00a0\u00bboff|off|off\u00a0\u00bb global_module=\u00a0\u00bb474&Prime; saved_tabs=\u00a0\u00bball\u00a0\u00bb locked=\u00a0\u00bboff\u00a0\u00bb collapsed=\u00a0\u00bbon\u00a0\u00bb global_colors_info=\u00a0\u00bb{}\u00a0\u00bb da_is_popup=\u00a0\u00bboff\u00a0\u00bb da_exit_intent=\u00a0\u00bboff\u00a0\u00bb da_has_close=\u00a0\u00bbon\u00a0\u00bb da_alt_close=\u00a0\u00bboff\u00a0\u00bb da_dark_close=\u00a0\u00bboff\u00a0\u00bb da_not_modal=\u00a0\u00bbon\u00a0\u00bb da_is_singular=\u00a0\u00bboff\u00a0\u00bb da_with_loader=\u00a0\u00bboff\u00a0\u00bb da_has_shadow=\u00a0\u00bbon\u00a0\u00bb][et_pb_row _builder_version=\u00a0\u00bb4.27.4&Prime; _module_preset=\u00a0\u00bbdefault\u00a0\u00bb custom_padding=\u00a0\u00bb20px||1px|||\u00a0\u00bb global_colors_info=\u00a0\u00bb{}\u00a0\u00bb][et_pb_column type=\u00a0\u00bb4_4&Prime; _builder_version=\u00a0\u00bb4.27.4&Prime; _module_preset=\u00a0\u00bbdefault\u00a0\u00bb global_colors_info=\u00a0\u00bb{}\u00a0\u00bb][et_pb_text _builder_version=\u00a0\u00bb4.27.4&Prime; _module_preset=\u00a0\u00bbdefault\u00a0\u00bb text_text_color=\u00a0\u00bb#FFFFFF\u00a0\u00bb header_2_text_align=\u00a0\u00bbcenter\u00a0\u00bb header_2_text_color=\u00a0\u00bb#FFFFFF\u00a0\u00bb text_orientation=\u00a0\u00bbcenter\u00a0\u00bb global_colors_info=\u00a0\u00bb{}\u00a0\u00bb]<\/p>\n<h2>Suivez-nous sur les r\u00e9seaux sociaux<\/h2>\n<p>[\/et_pb_text][\/et_pb_column][\/et_pb_row][et_pb_row column_structure=\u00a0\u00bb1_5,1_5,1_5,1_5,1_5&Prime; _builder_version=\u00a0\u00bb4.27.4&Prime; _module_preset=\u00a0\u00bbdefault\u00a0\u00bb custom_padding=\u00a0\u00bb2px||14px|||\u00a0\u00bb global_colors_info=\u00a0\u00bb{}\u00a0\u00bb][et_pb_column type=\u00a0\u00bb1_5&Prime; _builder_version=\u00a0\u00bb4.27.4&Prime; _module_preset=\u00a0\u00bbdefault\u00a0\u00bb global_colors_info=\u00a0\u00bb{}\u00a0\u00bb][\/et_pb_column][et_pb_column type=\u00a0\u00bb1_5&Prime; _builder_version=\u00a0\u00bb4.27.4&Prime; _module_preset=\u00a0\u00bbdefault\u00a0\u00bb global_colors_info=\u00a0\u00bb{}\u00a0\u00bb][et_pb_icon font_icon=\u00a0\u00bb&#xf09a;||fa||400&Prime; icon_color=\u00a0\u00bb#1877f2&Prime; icon_width=\u00a0\u00bb60px\u00a0\u00bb url=\u00a0\u00bbhttps:\/\/www.facebook.com\/cimpnca\u00a0\u00bb _builder_version=\u00a0\u00bb4.27.4&Prime; _module_preset=\u00a0\u00bbdefault\u00a0\u00bb global_colors_info=\u00a0\u00bb{}\u00a0\u00bb][\/et_pb_icon][\/et_pb_column][et_pb_column type=\u00a0\u00bb1_5&Prime; _builder_version=\u00a0\u00bb4.27.4&Prime; _module_preset=\u00a0\u00bbdefault\u00a0\u00bb global_colors_info=\u00a0\u00bb{}\u00a0\u00bb][et_pb_icon font_icon=\u00a0\u00bb&#xf167;||fa||400&Prime; icon_color=\u00a0\u00bb#ff0000&Prime; icon_width=\u00a0\u00bb60px\u00a0\u00bb url=\u00a0\u00bbhttps:\/\/www.youtube.com\/@canadianirishmigration\u00a0\u00bb _builder_version=\u00a0\u00bb4.27.4&Prime; _module_preset=\u00a0\u00bbdefault\u00a0\u00bb global_colors_info=\u00a0\u00bb{}\u00a0\u00bb][\/et_pb_icon][\/et_pb_column][et_pb_column type=\u00a0\u00bb1_5&Prime; _builder_version=\u00a0\u00bb4.27.4&Prime; _module_preset=\u00a0\u00bbdefault\u00a0\u00bb global_colors_info=\u00a0\u00bb{}\u00a0\u00bb][et_pb_icon font_icon=\u00a0\u00bb&#xe0b1;||divi||400&Prime; icon_color=\u00a0\u00bb#fa7e1e\u00a0\u00bb icon_width=\u00a0\u00bb60px\u00a0\u00bb url=\u00a0\u00bbhttps:\/\/www.instagram.com\/cimpn_rcpmi_\/\u00a0\u00bb _builder_version=\u00a0\u00bb4.27.4&Prime; _module_preset=\u00a0\u00bbdefault\u00a0\u00bb global_colors_info=\u00a0\u00bb{}\u00a0\u00bb][\/et_pb_icon][\/et_pb_column][et_pb_column type=\u00a0\u00bb1_5&Prime; _builder_version=\u00a0\u00bb4.27.4&Prime; _module_preset=\u00a0\u00bbdefault\u00a0\u00bb global_colors_info=\u00a0\u00bb{}\u00a0\u00bb][\/et_pb_column][\/et_pb_row][\/et_pb_section]<\/p>\n","protected":false},"excerpt":{"rendered":"<p>Newfoundland et Labrador Newfoundland and Labrador Irish Connection https:\/\/nlirishconnections.org Heritage NL https:\/\/heritagenl.ca\/about\/contact-us\/ &nbsp; Prince Edward Island Benevolent Irish Society of PEI me_callaghan@bellaliant.net &nbsp; Nouvelle \u00c9cosse Irish Association of Nova Scotia [&hellip;]<\/p>\n","protected":false},"author":1,"featured_media":0,"parent":0,"menu_order":0,"comment_status":"closed","ping_status":"closed","template":"","meta":{"_et_pb_use_builder":"on","_et_pb_old_content":"","_et_gb_content_width":"","_searchwp_excluded":"","footnotes":""},"class_list":["post-904","page","type-page","status-publish","hentry"],"_links":{"self":[{"href":"https:\/\/cimpn-rcpmi.ca\/fr\/wp-json\/wp\/v2\/pages\/904","targetHints":{"allow":["GET"]}}],"collection":[{"href":"https:\/\/cimpn-rcpmi.ca\/fr\/wp-json\/wp\/v2\/pages"}],"about":[{"href":"https:\/\/cimpn-rcpmi.ca\/fr\/wp-json\/wp\/v2\/types\/page"}],"author":[{"embeddable":true,"href":"https:\/\/cimpn-rcpmi.ca\/fr\/wp-json\/wp\/v2\/users\/1"}],"replies":[{"embeddable":true,"href":"https:\/\/cimpn-rcpmi.ca\/fr\/wp-json\/wp\/v2\/comments?post=904"}],"version-history":[{"count":4,"href":"https:\/\/cimpn-rcpmi.ca\/fr\/wp-json\/wp\/v2\/pages\/904\/revisions"}],"predecessor-version":[{"id":1268,"href":"https:\/\/cimpn-rcpmi.ca\/fr\/wp-json\/wp\/v2\/pages\/904\/revisions\/1268"}],"wp:attachment":[{"href":"https:\/\/cimpn-rcpmi.ca\/fr\/wp-json\/wp\/v2\/media?parent=904"}],"curies":[{"name":"wp","href":"https:\/\/api.w.org\/{rel}","templated":true}]}}