{"id":901,"date":"2025-05-08T14:43:35","date_gmt":"2025-05-08T18:43:35","guid":{"rendered":"https:\/\/cimpn-rcpmi.ca\/inscription-a-linfolettre\/"},"modified":"2025-11-06T22:53:54","modified_gmt":"2025-11-07T03:53:54","slug":"inscription-a-linfolettre","status":"publish","type":"page","link":"https:\/\/cimpn-rcpmi.ca\/fr\/inscription-a-linfolettre\/","title":{"rendered":"Inscription \u00e0 l&rsquo;infolettre"},"content":{"rendered":"<p>[et_pb_section fb_built=\u00a0\u00bb1&Prime; admin_label=\u00a0\u00bbHeader\u00a0\u00bb _builder_version=\u00a0\u00bb4.27.4&Prime; _module_preset=\u00a0\u00bb_initial\u00a0\u00bb background_enable_color=\u00a0\u00bboff\u00a0\u00bb use_background_color_gradient=\u00a0\u00bbon\u00a0\u00bb background_color_gradient_stops=\u00a0\u00bbrgba(74,181,22,0.15) 0%|rgba(74,181,22,0.13) 100%\u00a0\u00bb background_color_gradient_overlays_image=\u00a0\u00bbon\u00a0\u00bb background_image=\u00a0\u00bbhttps:\/\/cimpn-rcpmi.ca\/wp-content\/uploads\/2025\/08\/PageTitleBG2.webp\u00a0\u00bb custom_padding=\u00a0\u00bb7vw||7vw||true|false\u00a0\u00bb da_disable_devices=\u00a0\u00bboff|off|off\u00a0\u00bb collapsed=\u00a0\u00bbon\u00a0\u00bb global_colors_info=\u00a0\u00bb{}\u00a0\u00bb da_is_popup=\u00a0\u00bboff\u00a0\u00bb da_exit_intent=\u00a0\u00bboff\u00a0\u00bb da_has_close=\u00a0\u00bbon\u00a0\u00bb da_alt_close=\u00a0\u00bboff\u00a0\u00bb da_dark_close=\u00a0\u00bboff\u00a0\u00bb da_not_modal=\u00a0\u00bbon\u00a0\u00bb da_is_singular=\u00a0\u00bboff\u00a0\u00bb da_with_loader=\u00a0\u00bboff\u00a0\u00bb da_has_shadow=\u00a0\u00bbon\u00a0\u00bb][et_pb_row make_equal=\u00a0\u00bbon\u00a0\u00bb _builder_version=\u00a0\u00bb4.27.4&Prime; _module_preset=\u00a0\u00bbdefault\u00a0\u00bb custom_margin=\u00a0\u00bb|auto|-2px|auto||\u00a0\u00bb custom_padding=\u00a0\u00bb17px||5px|||\u00a0\u00bb global_colors_info=\u00a0\u00bb{}\u00a0\u00bb][et_pb_column type=\u00a0\u00bb4_4&Prime; _builder_version=\u00a0\u00bb4.27.4&Prime; _module_preset=\u00a0\u00bb_initial\u00a0\u00bb background_color=\u00a0\u00bbRGBA(255,255,255,0)\u00a0\u00bb custom_padding=\u00a0\u00bb40px|40px|0px|40px|false|true\u00a0\u00bb custom_padding_tablet=\u00a0\u00bb30px|30px|30px|30px|true|true\u00a0\u00bb custom_padding_phone=\u00a0\u00bb20px|20px|20px|20px|true|true\u00a0\u00bb custom_padding_last_edited=\u00a0\u00bbon|tablet\u00a0\u00bb border_radii=\u00a0\u00bbon|30px|30px|30px|30px\u00a0\u00bb global_colors_info=\u00a0\u00bb{}\u00a0\u00bb][et_pb_heading title=\u00a0\u00bbInscription \u00e0 l&rsquo;infolettre\u00a0\u00bb _builder_version=\u00a0\u00bb4.27.4&Prime; _module_preset=\u00a0\u00bb_initial\u00a0\u00bb title_font=\u00a0\u00bbUrbanist||||||||\u00a0\u00bb title_text_align=\u00a0\u00bbcenter\u00a0\u00bb title_text_color=\u00a0\u00bb#F6EDD9&Prime; title_font_size=\u00a0\u00bb83px\u00a0\u00bb title_line_height=\u00a0\u00bb1.1em\u00a0\u00bb custom_margin=\u00a0\u00bb||11px||false|false\u00a0\u00bb title_font_size_tablet=\u00a0\u00bb40px\u00a0\u00bb title_font_size_phone=\u00a0\u00bb24px\u00a0\u00bb title_font_size_last_edited=\u00a0\u00bbon|desktop\u00a0\u00bb title_text_shadow_style=\u00a0\u00bbpreset3&Prime; title_text_shadow_blur_strength=\u00a0\u00bb0.13em\u00a0\u00bb title_text_shadow_color=\u00a0\u00bb#FFFFFF\u00a0\u00bb global_colors_info=\u00a0\u00bb{}\u00a0\u00bb][\/et_pb_heading][\/et_pb_column][\/et_pb_row][\/et_pb_section][et_pb_section fb_built=\u00a0\u00bb1&Prime; admin_label=\u00a0\u00bbOur Mission\u00a0\u00bb _builder_version=\u00a0\u00bb4.27.4&Prime; _module_preset=\u00a0\u00bb_initial\u00a0\u00bb background_color=\u00a0\u00bb#F6EDD9&Prime; custom_margin=\u00a0\u00bb||||false\u00a0\u00bb custom_padding=\u00a0\u00bb3vw||3vw||true|false\u00a0\u00bb da_disable_devices=\u00a0\u00bboff|off|off\u00a0\u00bb collapsed=\u00a0\u00bbon\u00a0\u00bb global_colors_info=\u00a0\u00bb{}\u00a0\u00bb da_is_popup=\u00a0\u00bboff\u00a0\u00bb da_exit_intent=\u00a0\u00bboff\u00a0\u00bb da_has_close=\u00a0\u00bbon\u00a0\u00bb da_alt_close=\u00a0\u00bboff\u00a0\u00bb da_dark_close=\u00a0\u00bboff\u00a0\u00bb da_not_modal=\u00a0\u00bbon\u00a0\u00bb da_is_singular=\u00a0\u00bboff\u00a0\u00bb da_with_loader=\u00a0\u00bboff\u00a0\u00bb da_has_shadow=\u00a0\u00bbon\u00a0\u00bb][et_pb_row _builder_version=\u00a0\u00bb4.25.1&Prime; _module_preset=\u00a0\u00bbdefault\u00a0\u00bb max_width=\u00a0\u00bb900px\u00a0\u00bb global_colors_info=\u00a0\u00bb{}\u00a0\u00bb][et_pb_column type=\u00a0\u00bb4_4&Prime; _builder_version=\u00a0\u00bb4.25.1&Prime; _module_preset=\u00a0\u00bb_initial\u00a0\u00bb global_colors_info=\u00a0\u00bb{}\u00a0\u00bb][et_pb_heading title=\u00a0\u00bbAbonnez-vous \u00e0 l&rsquo;infolettre et restez inform\u00e9\u00a0\u00bb _builder_version=\u00a0\u00bb4.27.4&Prime; _module_preset=\u00a0\u00bb_initial\u00a0\u00bb title_level=\u00a0\u00bbh2&Prime; title_font=\u00a0\u00bbUrbanist|800||on|||||\u00a0\u00bb title_text_align=\u00a0\u00bbcenter\u00a0\u00bb title_text_color=\u00a0\u00bb#004907&Prime; title_font_size=\u00a0\u00bb40px\u00a0\u00bb title_letter_spacing=\u00a0\u00bb0.2em\u00a0\u00bb title_line_height=\u00a0\u00bb1.6em\u00a0\u00bb custom_margin=\u00a0\u00bb||10px||false|false\u00a0\u00bb title_font_size_tablet=\u00a0\u00bb14px\u00a0\u00bb title_font_size_phone=\u00a0\u00bb13px\u00a0\u00bb title_font_size_last_edited=\u00a0\u00bbon|desktop\u00a0\u00bb global_colors_info=\u00a0\u00bb{}\u00a0\u00bb][\/et_pb_heading][\/et_pb_column][\/et_pb_row][et_pb_row _builder_version=\u00a0\u00bb4.27.4&Prime; _module_preset=\u00a0\u00bbdefault\u00a0\u00bb global_colors_info=\u00a0\u00bb{}\u00a0\u00bb][et_pb_column type=\u00a0\u00bb4_4&Prime; _builder_version=\u00a0\u00bb4.27.4&Prime; _module_preset=\u00a0\u00bbdefault\u00a0\u00bb global_colors_info=\u00a0\u00bb{}\u00a0\u00bb][et_pb_text _builder_version=\u00a0\u00bb4.27.4&Prime; _module_preset=\u00a0\u00bbdefault\u00a0\u00bb hover_enabled=\u00a0\u00bb0&Prime; sticky_enabled=\u00a0\u00bb0&Prime;]<\/p>\n<div class=\"error\"><span class=\"required\">* Champ requis indiqu\u00e9 en rouge<\/span><\/div>\n<p>\n<script language=\"Javascript\" type=\"text\/javascript\"><\/p>\n<p>function checkform()\n{\n  for (i=0;i<fieldstocheck.length;i++) {\n    if (eval(\"document.subscribeform.elements['\"+fieldstocheck[i]+\"'].type\") == \"checkbox\") {\n      if (document.subscribeform.elements[fieldstocheck[i]].checked) {\n      } else {\n        alert(\"Le champ suivant est obligatoire:  \"+fieldnames[i]);\n        eval(\"document.subscribeform.elements['\"+fieldstocheck[i]+\"'].focus()\");\n\n        return false;\n      }\n    } else {\n      if (eval(\"document.subscribeform.elements['\"+fieldstocheck[i]+\"'].value\") == \"\") {\n        alert(\"Veuillez entrer votre \"+fieldnames[i]);\n        eval(\"document.subscribeform.elements['\"+fieldstocheck[i]+\"'].focus()\");\n\n        return false;\n      }\n    }\n  }\n  for (i=0;i<groupstocheck.length;i++) {\n    if (!checkGroup(groupstocheck[i],groupnames[i])) {\n      return false;\n    }\n  }\n  \n  if (! compareEmail()) {\n    alert(\"Les adresses \u00e9lectroniques ne correspondent pas\");\n\n    return false;\n  }\n  if (! checkEmail()) {\n    alert(\"L\u2019adresse \u00e9lectronique n\u2019est pas valide\");\n\n    return false;\n  }\n\n  return true;\n}\n\nvar fieldstocheck = new Array();\nvar fieldnames = new Array();\nfunction addFieldToCheck(value,name)\n{\n  fieldstocheck[fieldstocheck.length] = value;\n  fieldnames[fieldnames.length] = name;\n}\nvar groupstocheck = new Array();\nvar groupnames = new Array();\nfunction addGroupToCheck(value,name)\n{\n  groupstocheck[groupstocheck.length] = value;\n  groupnames[groupnames.length] = name;\n}\n\nfunction compareEmail()\n{\n  return (document.subscribeform.elements[\"email\"].value == document.subscribeform.elements[\"emailconfirm\"].value);\n}\n\nfunction checkEmail()\n{\n  var re = \/^(([^<>()[\\]\\.,;:\\s@\\\"]+(\\.[^<>()[\\]\\.,;:\\s@\\\"]+)*)|(\\\".+\\\"))@((\\[[0-9]{1,3}\\.[0-9]{1,3}\\.[0-9]{1,3}\\.[0-9]{1,3}\\])|(([a-zA-Z\\-0-9]+\\.)+[a-zA-Z]{2,}))$\/;\n    return re.test(document.subscribeform.elements[\"email\"].value);\n}<\/p>\n<p>function checkGroup(name,value)\n{\n  option = -1;\n  for (i=0;i<document.subscribeform.elements[name].length;i++) {\n    if (document.subscribeform.elements[name][i].checked) {\n      option = i;\n    }\n  }\n  if (option == -1) {\n    alert (\"Veuillez entrer votre \"+value);\n\n    return false;\n  }\n\n  return true;\n}\n\n<\/script>\n<\/p>\n<form action=\"https:\/\/news.cimpn-rcpmi.ca\/?p=subscribe&amp;id=2\" method=\"post\" name=\"subscribeform\">\n<p><input name=\"htmlemail\" type=\"hidden\" value=\"1\" \/><\/p>\n<table border=\"0\">\n<tbody>\n<tr>\n<td>\n<div class=\"required\"><label for=\"email\">Adresse \u00e9lectronique *<\/label><\/div>\n<\/td>\n<td class=\"attributeinput\"><input id=\"email\" name=\"email\" placeholder=\"\" required=\"required\" size=\"40\" type=\"text\" \/><br \/>\n<script language=\"Javascript\" type=\"text\/javascript\">addFieldToCheck(\"email\",\"Adresse \u00e9lectronique\");<\/script>\n<\/td>\n<\/tr>\n<tr>\n<td>\n<div class=\"required\"><label for=\"confirm\">Confirmez votre adresse \u00e9lectronique *<\/label><\/div>\n<\/td>\n<td class=\"attributeinput\"><input id=\"confirm\" name=\"emailconfirm\" required=\"required\" size=\"40\" type=\"text\" value=\"\" \/><br \/>\n<script language=\"Javascript\" type=\"text\/javascript\">addFieldToCheck(\"emailconfirm\",\"Confirmez votre adresse \u00e9lectronique\");<\/script>\n<\/td>\n<\/tr>\n<tr>\n<td>\n<div class=\"attributename\"><label for=\"attribute2\">Nom<\/label><\/div>\n<\/td>\n<td class=\"attributeinput\"><input class=\"attributeinput\" id=\"attribute2\" name=\"attribute2\" size=\"40\" type=\"text\" value=\"\" \/><\/td>\n<\/tr>\n<tr>\n<td>\n<div class=\"attributename\"><label for=\"attribute3\">Organization<\/label><\/div>\n<\/td>\n<td class=\"attributeinput\"><input class=\"attributeinput\" id=\"attribute3\" name=\"attribute3\" size=\"40\" type=\"text\" value=\"\" \/><\/td>\n<\/tr>\n<\/tbody>\n<\/table>\n<p><input name=\"list[2]\" type=\"hidden\" value=\"signup\" \/><input name=\"listname[2]\" type=\"hidden\" value=\"CIMPN News List\" \/><\/p>\n<div style=\"display: none;\"><input name=\"VerificationCodeX\" size=\"20\" type=\"text\" value=\"\" \/><\/div>\n<p><input name=\"subscribe\" onclick=\"return checkform();\" type=\"submit\" value=\"Abonnez-vous \u00e0 notre liste de diffusion\" \/> \u00a0\u00a0 <a href=\"http:\/\/news.cimpn-rcpmi.ca\/?p=unsubscribe&amp;id=2\">Se d\u00e9sabonner<\/a><\/p>\n<\/form>\n<p class=\"poweredby\" style=\"text-align: center;\"><a href=\"https:\/\/www.phplist.com\/poweredby?utm_source=pl3.6.7&amp;utm_medium=poweredhostedimg&amp;utm_campaign=phpList\" title=\"visit the phpList website\"><img decoding=\"async\" alt=\"powered by phpList 3.6.7, \u00a9 phpList ltd\" border=\"0\" src=\"https:\/\/d3u7tsw7cvar0t.cloudfront.net\/images\/3.6.7\/power-phplist.png\" title=\"powered by phpList version 3.6.7, \u00a9 phpList ltd\" \/><\/a><\/p>\n<p>\n<script type=\"text\/javascript\" src=\"https:\/\/news.cimpn-rcpmi.ca\/admin\/ui\/phplist-ui-bootlist\/js\/jquery.min.js\"><\/script><br \/>\n<script type=\"text\/javascript\" src=\"https:\/\/news.cimpn-rcpmi.ca\/admin\/js\/phplistapp.js\"><\/script><br \/>\n<script type=\"text\/javascript\" src=\"https:\/\/news.cimpn-rcpmi.ca\/admin\/ui\/phplist-ui-bootlist\/js\/dist\/phpList_ui_bootlist.min.js\"><\/script><br \/>\n<script>\n\/* do not remove this from here *\/\n$(document).ready(function(){\n    if ( $('body').hasClass('invisible') ){\n        applyCustomFormatting(); applyJqueryUiTabMigration();\n    }\n\t$('#edit_list_categories input.form-control').tagsinput('refresh');<\/p>\n<p>});\n<\/script>\n<\/p>\n<p>[\/et_pb_text][et_pb_code _builder_version=\"4.27.4\" _module_preset=\"default\" global_colors_info=\"{}\"][\/et_pb_code][et_pb_text _builder_version=\"4.27.4\" _module_preset=\"default\" text_text_color=\"#004907\" link_option_url_new_window=\"on\" global_colors_info=\"{}\"]<\/p>\n<p style=\"text-align: right;\"><span style=\"text-decoration: underline; color: #008000;\"><a href=\"https:\/\/cimpn-rcpmi.ca\/fr\/declaration-legale\/\" style=\"color: #008000; text-decoration: underline;\">D\u00e9claration l\u00e9gale<br \/><\/a><\/span><\/p>\n<p>[\/et_pb_text][\/et_pb_column][\/et_pb_row][\/et_pb_section][et_pb_section fb_built=\"1\" admin_label=\"Footer\" _builder_version=\"4.27.4\" _module_preset=\"_initial\" background_color=\"#4d4d4d\" custom_padding=\"0px||0px||true|false\" da_disable_devices=\"off|off|off\" saved_tabs=\"all\" locked=\"off\" collapsed=\"on\" global_colors_info=\"{}\" da_is_popup=\"off\" da_exit_intent=\"off\" da_has_close=\"on\" da_alt_close=\"off\" da_dark_close=\"off\" da_not_modal=\"on\" da_is_singular=\"off\" da_with_loader=\"off\" da_has_shadow=\"on\"][et_pb_row _builder_version=\"4.27.4\" _module_preset=\"default\" custom_padding=\"20px||1px|||\" global_colors_info=\"{}\"][et_pb_column type=\"4_4\" _builder_version=\"4.27.4\" _module_preset=\"default\" global_colors_info=\"{}\"][et_pb_text _builder_version=\"4.27.4\" _module_preset=\"default\" text_text_color=\"#FFFFFF\" header_2_text_align=\"center\" header_2_text_color=\"#FFFFFF\" text_orientation=\"center\" global_colors_info=\"{}\"]<\/p>\n<h2>Suivez-nous sur les r\u00e9seaux sociaux<\/h2>\n<p>[\/et_pb_text][\/et_pb_column][\/et_pb_row][et_pb_row column_structure=\"1_5,1_5,1_5,1_5,1_5\" _builder_version=\"4.27.4\" _module_preset=\"default\" custom_padding=\"2px||14px|||\" global_colors_info=\"{}\"][et_pb_column type=\"1_5\" _builder_version=\"4.27.4\" _module_preset=\"default\" global_colors_info=\"{}\"][\/et_pb_column][et_pb_column type=\"1_5\" _builder_version=\"4.27.4\" _module_preset=\"default\" global_colors_info=\"{}\"][et_pb_icon font_icon=\"&#xf09a;||fa||400\" icon_color=\"#1877f2\" icon_width=\"60px\" url=\"https:\/\/www.facebook.com\/cimpnca\" _builder_version=\"4.27.4\" _module_preset=\"default\" global_colors_info=\"{}\"][\/et_pb_icon][\/et_pb_column][et_pb_column type=\"1_5\" _builder_version=\"4.27.4\" _module_preset=\"default\" global_colors_info=\"{}\"][et_pb_icon font_icon=\"&#xf167;||fa||400\" icon_color=\"#ff0000\" icon_width=\"60px\" url=\"https:\/\/www.youtube.com\/@canadianirishmigration\" _builder_version=\"4.27.4\" _module_preset=\"default\" global_colors_info=\"{}\"][\/et_pb_icon][\/et_pb_column][et_pb_column type=\"1_5\" _builder_version=\"4.27.4\" _module_preset=\"default\" global_colors_info=\"{}\"][et_pb_icon font_icon=\"&#xe0b1;||divi||400\" icon_color=\"#fa7e1e\" icon_width=\"60px\" url=\"https:\/\/www.instagram.com\/cimpn_rcpmi_\/\" _builder_version=\"4.27.4\" _module_preset=\"default\" global_colors_info=\"{}\"][\/et_pb_icon][\/et_pb_column][et_pb_column type=\"1_5\" _builder_version=\"4.27.4\" _module_preset=\"default\" global_colors_info=\"{}\"][\/et_pb_column][\/et_pb_row][\/et_pb_section][et_pb_section fb_built=\"1\" _builder_version=\"4.27.4\" _module_preset=\"default\" background_color=\"#F6EDD9\" da_disable_devices=\"off|off|off\" global_colors_info=\"{}\" da_is_popup=\"off\" da_exit_intent=\"off\" da_has_close=\"on\" da_alt_close=\"off\" da_dark_close=\"off\" da_not_modal=\"on\" da_is_singular=\"off\" da_with_loader=\"off\" da_has_shadow=\"on\"][et_pb_row _builder_version=\"4.27.4\" _module_preset=\"default\" global_colors_info=\"{}\"][et_pb_column type=\"4_4\" _builder_version=\"4.27.4\" _module_preset=\"default\" global_colors_info=\"{}\"][et_pb_text _builder_version=\"4.27.4\" _module_preset=\"default\" text_text_color=\"#0F761F\" text_font_size=\"17px\" header_font=\"|600|||||||\" header_text_color=\"#0F761F\" header_2_font=\"|600|||||||\" header_2_text_color=\"#0F761F\" text_orientation=\"center\" global_colors_info=\"{}\"]<\/p>\n<h2 style=\"text-align: center;\">Nos partenaires et amis<\/h2>\n<p>Notre travail ne serait pas possible sans l\u2019aide de nos partenaires et amis. <br \/>Nous les remercions d\u2019avoir rendu notre travail possible. <br \/><strong><em>Go raibh maith agaibh!<\/em><\/strong><\/p>\n<p>[\/et_pb_text][\/et_pb_column][\/et_pb_row][et_pb_row column_structure=\"1_2,1_2\" make_equal=\"on\" _builder_version=\"4.27.4\" _module_preset=\"default\" global_colors_info=\"{}\"][et_pb_column type=\"1_2\" _builder_version=\"4.27.4\" _module_preset=\"default\" global_colors_info=\"{}\"][et_pb_image src=\"https:\/\/cimpn-rcpmi.ca\/wp-content\/uploads\/2025\/05\/Culture_et_Communications_Quebec.png\" title_text=\"Culture_et_Communications_Qu\u00e9bec\" url=\"https:\/\/www.quebec.ca\/gouvernement\/ministeres-organismes\/culture-communications\" align=\"center\" _builder_version=\"4.27.4\" _module_preset=\"default\" global_colors_info=\"{}\"][\/et_pb_image][et_pb_image src=\"https:\/\/cimpn-rcpmi.ca\/wp-content\/uploads\/2025\/05\/QAHN-logo25-2024-lr.png\" title_text=\"QAHN-logo+25-2024-lr\" url=\"https:\/\/qahn.org\/\" align=\"center\" _builder_version=\"4.27.4\" _module_preset=\"default\" global_colors_info=\"{}\"][\/et_pb_image][\/et_pb_column][et_pb_column type=\"1_2\" _builder_version=\"4.27.4\" _module_preset=\"default\" global_colors_info=\"{}\"][et_pb_image src=\"https:\/\/cimpn-rcpmi.ca\/wp-content\/uploads\/2025\/05\/Emigrant-Support-Programme-400.png\" title_text=\"Emigrant-Support-Programme-400\" url=\"https:\/\/www.ireland.ie\/en\/irish-diaspora\/\" align=\"center\" _builder_version=\"4.27.4\" _module_preset=\"default\" global_colors_info=\"{}\"][\/et_pb_image][et_pb_image src=\"https:\/\/cimpn-rcpmi.ca\/wp-content\/uploads\/2025\/05\/spsmlogo-lr.png\" title_text=\"spsmlogo-lr\" url=\"https:\/\/spsmtl.com\/\" align=\"center\" _builder_version=\"4.27.4\" _module_preset=\"default\" global_colors_info=\"{}\"][\/et_pb_image][\/et_pb_column][\/et_pb_row][\/et_pb_section]<\/p>\n","protected":false},"excerpt":{"rendered":"<p>* Champ requis indiqu\u00e9 en rouge Adresse \u00e9lectronique * Confirmez votre adresse \u00e9lectronique * Nom Organization \u00a0\u00a0 Se d\u00e9sabonner D\u00e9claration l\u00e9galeSuivez-nous sur les r\u00e9seaux sociauxNos partenaires et amis Notre travail [&hellip;]<\/p>\n","protected":false},"author":1,"featured_media":0,"parent":0,"menu_order":0,"comment_status":"closed","ping_status":"closed","template":"","meta":{"_et_pb_use_builder":"on","_et_pb_old_content":"","_et_gb_content_width":"","_searchwp_excluded":"","footnotes":""},"class_list":["post-901","page","type-page","status-publish","hentry"],"_links":{"self":[{"href":"https:\/\/cimpn-rcpmi.ca\/fr\/wp-json\/wp\/v2\/pages\/901","targetHints":{"allow":["GET"]}}],"collection":[{"href":"https:\/\/cimpn-rcpmi.ca\/fr\/wp-json\/wp\/v2\/pages"}],"about":[{"href":"https:\/\/cimpn-rcpmi.ca\/fr\/wp-json\/wp\/v2\/types\/page"}],"author":[{"embeddable":true,"href":"https:\/\/cimpn-rcpmi.ca\/fr\/wp-json\/wp\/v2\/users\/1"}],"replies":[{"embeddable":true,"href":"https:\/\/cimpn-rcpmi.ca\/fr\/wp-json\/wp\/v2\/comments?post=901"}],"version-history":[{"count":5,"href":"https:\/\/cimpn-rcpmi.ca\/fr\/wp-json\/wp\/v2\/pages\/901\/revisions"}],"predecessor-version":[{"id":1201,"href":"https:\/\/cimpn-rcpmi.ca\/fr\/wp-json\/wp\/v2\/pages\/901\/revisions\/1201"}],"wp:attachment":[{"href":"https:\/\/cimpn-rcpmi.ca\/fr\/wp-json\/wp\/v2\/media?parent=901"}],"curies":[{"name":"wp","href":"https:\/\/api.w.org\/{rel}","templated":true}]}}