{"id":888,"date":"2025-08-15T13:50:14","date_gmt":"2025-08-15T17:50:14","guid":{"rendered":"https:\/\/cimpn-rcpmi.ca\/projet-carte-des-sites-du-patrimoine-irlandais\/"},"modified":"2026-01-27T13:00:22","modified_gmt":"2026-01-27T18:00:22","slug":"projet-carte-des-sites-du-patrimoine-irlandais","status":"publish","type":"page","link":"https:\/\/cimpn-rcpmi.ca\/fr\/projet-carte-des-sites-du-patrimoine-irlandais\/","title":{"rendered":"Projet: Carte des sites du patrimoine irlandais"},"content":{"rendered":"<p>[et_pb_section fb_built=\u00a0\u00bb1&Prime; admin_label=\u00a0\u00bbHeader\u00a0\u00bb _builder_version=\u00a0\u00bb4.27.4&Prime; _module_preset=\u00a0\u00bb_initial\u00a0\u00bb background_enable_color=\u00a0\u00bboff\u00a0\u00bb use_background_color_gradient=\u00a0\u00bbon\u00a0\u00bb background_color_gradient_stops=\u00a0\u00bbrgba(74,181,22,0.15) 0%|rgba(74,181,22,0.13) 100%\u00a0\u00bb background_color_gradient_overlays_image=\u00a0\u00bbon\u00a0\u00bb background_image=\u00a0\u00bbhttps:\/\/cimpn-rcpmi.ca\/wp-content\/uploads\/2025\/08\/PageTitleBG2.webp\u00a0\u00bb custom_padding=\u00a0\u00bb7vw||7vw||true|false\u00a0\u00bb da_disable_devices=\u00a0\u00bboff|off|off\u00a0\u00bb collapsed=\u00a0\u00bbon\u00a0\u00bb global_colors_info=\u00a0\u00bb{}\u00a0\u00bb da_is_popup=\u00a0\u00bboff\u00a0\u00bb da_exit_intent=\u00a0\u00bboff\u00a0\u00bb da_has_close=\u00a0\u00bbon\u00a0\u00bb da_alt_close=\u00a0\u00bboff\u00a0\u00bb da_dark_close=\u00a0\u00bboff\u00a0\u00bb da_not_modal=\u00a0\u00bbon\u00a0\u00bb da_is_singular=\u00a0\u00bboff\u00a0\u00bb da_with_loader=\u00a0\u00bboff\u00a0\u00bb da_has_shadow=\u00a0\u00bbon\u00a0\u00bb][et_pb_row make_equal=\u00a0\u00bbon\u00a0\u00bb _builder_version=\u00a0\u00bb4.27.4&Prime; _module_preset=\u00a0\u00bbdefault\u00a0\u00bb custom_margin=\u00a0\u00bb|auto|-2px|auto||\u00a0\u00bb custom_padding=\u00a0\u00bb17px||5px|||\u00a0\u00bb global_colors_info=\u00a0\u00bb{}\u00a0\u00bb][et_pb_column type=\u00a0\u00bb4_4&Prime; _builder_version=\u00a0\u00bb4.27.4&Prime; _module_preset=\u00a0\u00bb_initial\u00a0\u00bb background_color=\u00a0\u00bbRGBA(255,255,255,0)\u00a0\u00bb custom_padding=\u00a0\u00bb40px|40px|0px|40px|false|true\u00a0\u00bb custom_padding_tablet=\u00a0\u00bb30px|30px|30px|30px|true|true\u00a0\u00bb custom_padding_phone=\u00a0\u00bb20px|20px|20px|20px|true|true\u00a0\u00bb custom_padding_last_edited=\u00a0\u00bbon|tablet\u00a0\u00bb border_radii=\u00a0\u00bbon|30px|30px|30px|30px\u00a0\u00bb global_colors_info=\u00a0\u00bb{}\u00a0\u00bb][et_pb_heading title=\u00a0\u00bbCarte des sites du patrimoine irlandais\u00a0\u00bb _builder_version=\u00a0\u00bb4.27.4&Prime; _module_preset=\u00a0\u00bb_initial\u00a0\u00bb title_font=\u00a0\u00bbUrbanist||||||||\u00a0\u00bb title_text_align=\u00a0\u00bbcenter\u00a0\u00bb title_text_color=\u00a0\u00bb#F6EDD9&Prime; title_font_size=\u00a0\u00bb83px\u00a0\u00bb title_line_height=\u00a0\u00bb1.1em\u00a0\u00bb custom_margin=\u00a0\u00bb||11px||false|false\u00a0\u00bb title_font_size_tablet=\u00a0\u00bb40px\u00a0\u00bb title_font_size_phone=\u00a0\u00bb24px\u00a0\u00bb title_font_size_last_edited=\u00a0\u00bbon|desktop\u00a0\u00bb title_text_shadow_style=\u00a0\u00bbpreset3&Prime; title_text_shadow_blur_strength=\u00a0\u00bb0.13em\u00a0\u00bb title_text_shadow_color=\u00a0\u00bb#FFFFFF\u00a0\u00bb global_colors_info=\u00a0\u00bb{}\u00a0\u00bb][\/et_pb_heading][\/et_pb_column][\/et_pb_row][\/et_pb_section][et_pb_section fb_built=\u00a0\u00bb1&Prime; admin_label=\u00a0\u00bbOur Mission\u00a0\u00bb _builder_version=\u00a0\u00bb4.27.4&Prime; _module_preset=\u00a0\u00bb_initial\u00a0\u00bb background_color=\u00a0\u00bb#F6EDD9&Prime; custom_margin=\u00a0\u00bb||||false\u00a0\u00bb custom_padding=\u00a0\u00bb3vw||3vw||false|false\u00a0\u00bb da_disable_devices=\u00a0\u00bboff|off|off\u00a0\u00bb collapsed=\u00a0\u00bbon\u00a0\u00bb global_colors_info=\u00a0\u00bb{}\u00a0\u00bb da_is_popup=\u00a0\u00bboff\u00a0\u00bb da_exit_intent=\u00a0\u00bboff\u00a0\u00bb da_has_close=\u00a0\u00bbon\u00a0\u00bb da_alt_close=\u00a0\u00bboff\u00a0\u00bb da_dark_close=\u00a0\u00bboff\u00a0\u00bb da_not_modal=\u00a0\u00bbon\u00a0\u00bb da_is_singular=\u00a0\u00bboff\u00a0\u00bb da_with_loader=\u00a0\u00bboff\u00a0\u00bb da_has_shadow=\u00a0\u00bbon\u00a0\u00bb][et_pb_row _builder_version=\u00a0\u00bb4.25.1&Prime; _module_preset=\u00a0\u00bbdefault\u00a0\u00bb max_width=\u00a0\u00bb900px\u00a0\u00bb hover_enabled=\u00a0\u00bb0&Prime; global_colors_info=\u00a0\u00bb{}\u00a0\u00bb sticky_enabled=\u00a0\u00bb0&Prime;][et_pb_column type=\u00a0\u00bb4_4&Prime; _builder_version=\u00a0\u00bb4.25.1&Prime; _module_preset=\u00a0\u00bb_initial\u00a0\u00bb global_colors_info=\u00a0\u00bb{}\u00a0\u00bb][et_pb_heading title=\u00a0\u00bbCarte des sites du patrimoine irlandais\u00a0\u00bb _builder_version=\u00a0\u00bb4.27.5&Prime; _module_preset=\u00a0\u00bb_initial\u00a0\u00bb title_level=\u00a0\u00bbh2&Prime; title_font=\u00a0\u00bbUrbanist|800||on|||||\u00a0\u00bb title_text_align=\u00a0\u00bbcenter\u00a0\u00bb title_text_color=\u00a0\u00bb#004907&Prime; title_font_size=\u00a0\u00bb40px\u00a0\u00bb title_letter_spacing=\u00a0\u00bb0.2em\u00a0\u00bb title_line_height=\u00a0\u00bb1.6em\u00a0\u00bb custom_margin=\u00a0\u00bb||10px||false|false\u00a0\u00bb title_font_size_tablet=\u00a0\u00bb14px\u00a0\u00bb title_font_size_phone=\u00a0\u00bb13px\u00a0\u00bb title_font_size_last_edited=\u00a0\u00bbon|desktop\u00a0\u00bb global_colors_info=\u00a0\u00bb{}\u00a0\u00bb][\/et_pb_heading][et_pb_text _builder_version=\u00a0\u00bb4.27.5&Prime; _module_preset=\u00a0\u00bbdefault\u00a0\u00bb text_text_color=\u00a0\u00bb#004907&Prime; text_font_size=\u00a0\u00bb20px\u00a0\u00bb text_letter_spacing=\u00a0\u00bb1px\u00a0\u00bb text_line_height=\u00a0\u00bb1.8em\u00a0\u00bb hover_enabled=\u00a0\u00bb0&Prime; locked=\u00a0\u00bboff\u00a0\u00bb global_colors_info=\u00a0\u00bb{}\u00a0\u00bb sticky_enabled=\u00a0\u00bb0&Prime;]<\/p>\n<p><strong><u><span><a href=\"https:\/\/cimpn-rcpmi.ca\/fr\/the-irish-mile-interactive-map\/\">Le Irish Mile<\/a><\/span><\/u><\/strong> est une carte num\u00e9rique interactive qui r\u00e9pertorie les villes, \u00e9glises, monuments, cimeti\u00e8res, sentiers et autres lieux qui racontent l&rsquo;histoire des premiers Irlandais au Qu\u00e9bec.<\/p>\n<p><span>Constitu\u00e9 \u00e0 partir de documents historiques, de photographies et d\u2019entrevues orales, Le Irish Mile retrace la vie des \u00e9migrants irlandais et des communaut\u00e9s qu&rsquo;ils ont form\u00e9es, souvent dans de petites localit\u00e9s rurales laiss\u00e9es de c\u00f4t\u00e9 par l&rsquo;histoire officielle. Chaque point sur la carte marque un endroit o\u00f9 des gens se sont arr\u00eat\u00e9s. O\u00f9 certains sont rest\u00e9s, ont enterr\u00e9 leurs morts, ont fond\u00e9 une famille. Et o\u00f9 d&rsquo;autres ont poursuivi leur chemin.<\/span><\/p>\n<p><span>Promenez-vous le long de l&rsquo;Irish Mile et explorez les villes, les \u00e9glises, les cimeti\u00e8res et les paysages qu&rsquo;ils ont laiss\u00e9s derri\u00e8re eux.<\/span><\/p>\n<p><strong><span>Faites-nous part de votre expertise! <\/span><\/strong><em><span>Le Irish Mile<\/span><\/em><span> est un projet activement en d\u00e9veloppement et nous souhaitons conna\u00eetre vos avis. Si vous avez des commentaires, connaissez d&rsquo;autres sites patrimoniaux ou avez des informations sur le patrimoine irlandais au Qu\u00e9bec, <a href=\"https:\/\/cimpn-rcpmi.ca\/contact\/\">veuillez nous contacter<\/a>. Nous serions ravis de collaborer avec vous! <\/span><\/p>\n<p>La carte interactive des sites du patrimoine irlandais<em> Le Irish Mile<span style=\"font-size: x-small;\"><sup>TM<\/sup><\/span><\/em> est soutenue par une subvention du <a href=\"https:\/\/www.quebec.ca\/gouvernement\/ministeres-organismes\/secretariat-relations-quebecois-expression-anglaise\">Secr\u00e9tariat aux relations avec les Qu\u00e9b\u00e9cois d&rsquo;expression anglaise<\/a> (SRQEA).<\/p>\n<p>[\/et_pb_text][\/et_pb_column][\/et_pb_row][\/et_pb_section][et_pb_section fb_built=\u00a0\u00bb1&Prime; admin_label=\u00a0\u00bbFooter\u00a0\u00bb _builder_version=\u00a0\u00bb4.27.4&Prime; _module_preset=\u00a0\u00bb_initial\u00a0\u00bb background_color=\u00a0\u00bb#4d4d4d\u00a0\u00bb custom_padding=\u00a0\u00bb0px||0px||true|false\u00a0\u00bb da_disable_devices=\u00a0\u00bboff|off|off\u00a0\u00bb global_module=\u00a0\u00bb474&Prime; saved_tabs=\u00a0\u00bball\u00a0\u00bb locked=\u00a0\u00bboff\u00a0\u00bb collapsed=\u00a0\u00bbon\u00a0\u00bb global_colors_info=\u00a0\u00bb{}\u00a0\u00bb da_is_popup=\u00a0\u00bboff\u00a0\u00bb da_exit_intent=\u00a0\u00bboff\u00a0\u00bb da_has_close=\u00a0\u00bbon\u00a0\u00bb da_alt_close=\u00a0\u00bboff\u00a0\u00bb da_dark_close=\u00a0\u00bboff\u00a0\u00bb da_not_modal=\u00a0\u00bbon\u00a0\u00bb da_is_singular=\u00a0\u00bboff\u00a0\u00bb da_with_loader=\u00a0\u00bboff\u00a0\u00bb da_has_shadow=\u00a0\u00bbon\u00a0\u00bb][et_pb_row _builder_version=\u00a0\u00bb4.27.4&Prime; _module_preset=\u00a0\u00bbdefault\u00a0\u00bb custom_padding=\u00a0\u00bb20px||1px|||\u00a0\u00bb global_colors_info=\u00a0\u00bb{}\u00a0\u00bb][et_pb_column type=\u00a0\u00bb4_4&Prime; _builder_version=\u00a0\u00bb4.27.4&Prime; _module_preset=\u00a0\u00bbdefault\u00a0\u00bb global_colors_info=\u00a0\u00bb{}\u00a0\u00bb][et_pb_text _builder_version=\u00a0\u00bb4.27.4&Prime; _module_preset=\u00a0\u00bbdefault\u00a0\u00bb text_text_color=\u00a0\u00bb#FFFFFF\u00a0\u00bb header_2_text_align=\u00a0\u00bbcenter\u00a0\u00bb header_2_text_color=\u00a0\u00bb#FFFFFF\u00a0\u00bb text_orientation=\u00a0\u00bbcenter\u00a0\u00bb global_colors_info=\u00a0\u00bb{}\u00a0\u00bb]<\/p>\n<h2>Suivez-nous sur les r\u00e9seaux sociaux<\/h2>\n<p>[\/et_pb_text][\/et_pb_column][\/et_pb_row][et_pb_row column_structure=\u00a0\u00bb1_5,1_5,1_5,1_5,1_5&Prime; _builder_version=\u00a0\u00bb4.27.4&Prime; _module_preset=\u00a0\u00bbdefault\u00a0\u00bb custom_padding=\u00a0\u00bb2px||14px|||\u00a0\u00bb global_colors_info=\u00a0\u00bb{}\u00a0\u00bb][et_pb_column type=\u00a0\u00bb1_5&Prime; _builder_version=\u00a0\u00bb4.27.4&Prime; _module_preset=\u00a0\u00bbdefault\u00a0\u00bb global_colors_info=\u00a0\u00bb{}\u00a0\u00bb][\/et_pb_column][et_pb_column type=\u00a0\u00bb1_5&Prime; _builder_version=\u00a0\u00bb4.27.4&Prime; _module_preset=\u00a0\u00bbdefault\u00a0\u00bb global_colors_info=\u00a0\u00bb{}\u00a0\u00bb][et_pb_icon font_icon=\u00a0\u00bb&#xf09a;||fa||400&Prime; icon_color=\u00a0\u00bb#1877f2&Prime; icon_width=\u00a0\u00bb60px\u00a0\u00bb url=\u00a0\u00bbhttps:\/\/www.facebook.com\/cimpnca\u00a0\u00bb _builder_version=\u00a0\u00bb4.27.4&Prime; _module_preset=\u00a0\u00bbdefault\u00a0\u00bb global_colors_info=\u00a0\u00bb{}\u00a0\u00bb][\/et_pb_icon][\/et_pb_column][et_pb_column type=\u00a0\u00bb1_5&Prime; _builder_version=\u00a0\u00bb4.27.4&Prime; _module_preset=\u00a0\u00bbdefault\u00a0\u00bb global_colors_info=\u00a0\u00bb{}\u00a0\u00bb][et_pb_icon font_icon=\u00a0\u00bb&#xf167;||fa||400&Prime; icon_color=\u00a0\u00bb#ff0000&Prime; icon_width=\u00a0\u00bb60px\u00a0\u00bb url=\u00a0\u00bbhttps:\/\/www.youtube.com\/@canadianirishmigration\u00a0\u00bb _builder_version=\u00a0\u00bb4.27.4&Prime; _module_preset=\u00a0\u00bbdefault\u00a0\u00bb global_colors_info=\u00a0\u00bb{}\u00a0\u00bb][\/et_pb_icon][\/et_pb_column][et_pb_column type=\u00a0\u00bb1_5&Prime; _builder_version=\u00a0\u00bb4.27.4&Prime; _module_preset=\u00a0\u00bbdefault\u00a0\u00bb global_colors_info=\u00a0\u00bb{}\u00a0\u00bb][et_pb_icon font_icon=\u00a0\u00bb&#xe0b1;||divi||400&Prime; icon_color=\u00a0\u00bb#fa7e1e\u00a0\u00bb icon_width=\u00a0\u00bb60px\u00a0\u00bb url=\u00a0\u00bbhttps:\/\/www.instagram.com\/cimpn_rcpmi_\/\u00a0\u00bb _builder_version=\u00a0\u00bb4.27.4&Prime; _module_preset=\u00a0\u00bbdefault\u00a0\u00bb global_colors_info=\u00a0\u00bb{}\u00a0\u00bb][\/et_pb_icon][\/et_pb_column][et_pb_column type=\u00a0\u00bb1_5&Prime; _builder_version=\u00a0\u00bb4.27.4&Prime; _module_preset=\u00a0\u00bbdefault\u00a0\u00bb global_colors_info=\u00a0\u00bb{}\u00a0\u00bb][\/et_pb_column][\/et_pb_row][\/et_pb_section]<\/p>\n","protected":false},"excerpt":{"rendered":"<p>Le Irish Mile est une carte num\u00e9rique interactive qui r\u00e9pertorie les villes, \u00e9glises, monuments, cimeti\u00e8res, sentiers et autres lieux qui racontent l&rsquo;histoire des premiers Irlandais au Qu\u00e9bec. Constitu\u00e9 \u00e0 partir [&hellip;]<\/p>\n","protected":false},"author":1,"featured_media":0,"parent":0,"menu_order":0,"comment_status":"closed","ping_status":"closed","template":"","meta":{"_et_pb_use_builder":"on","_et_pb_old_content":"","_et_gb_content_width":"","_searchwp_excluded":"","footnotes":""},"class_list":["post-888","page","type-page","status-publish","hentry"],"_links":{"self":[{"href":"https:\/\/cimpn-rcpmi.ca\/fr\/wp-json\/wp\/v2\/pages\/888","targetHints":{"allow":["GET"]}}],"collection":[{"href":"https:\/\/cimpn-rcpmi.ca\/fr\/wp-json\/wp\/v2\/pages"}],"about":[{"href":"https:\/\/cimpn-rcpmi.ca\/fr\/wp-json\/wp\/v2\/types\/page"}],"author":[{"embeddable":true,"href":"https:\/\/cimpn-rcpmi.ca\/fr\/wp-json\/wp\/v2\/users\/1"}],"replies":[{"embeddable":true,"href":"https:\/\/cimpn-rcpmi.ca\/fr\/wp-json\/wp\/v2\/comments?post=888"}],"version-history":[{"count":10,"href":"https:\/\/cimpn-rcpmi.ca\/fr\/wp-json\/wp\/v2\/pages\/888\/revisions"}],"predecessor-version":[{"id":1406,"href":"https:\/\/cimpn-rcpmi.ca\/fr\/wp-json\/wp\/v2\/pages\/888\/revisions\/1406"}],"wp:attachment":[{"href":"https:\/\/cimpn-rcpmi.ca\/fr\/wp-json\/wp\/v2\/media?parent=888"}],"curies":[{"name":"wp","href":"https:\/\/api.w.org\/{rel}","templated":true}]}}